{"id":2516,"date":"2025-02-02T21:46:23","date_gmt":"2025-02-02T20:46:23","guid":{"rendered":"https:\/\/kopalnia-bochnia.pl\/cookie-policy\/"},"modified":"2025-02-12T19:08:56","modified_gmt":"2025-02-12T18:08:56","slug":"cookie-policy","status":"publish","type":"page","link":"https:\/\/kopalnia-bochnia.pl\/en\/cookie-policy\/","title":{"rendered":"Cookie Policy"},"content":{"rendered":"<p style=\"text-align: left;\"><strong>I. DEFINITIONS<\/strong><\/p>\n<p style=\"text-align: left;\"><strong>1. Administrator<\/strong> &#8211; Kopalnia Soli Bochnia sp. z o.o. with its registered office at: 15 Campi Street, 32-700 Bochnia, entered in the Register of Entrepreneurs of the National Court Register kept by the District Court for Krakow-\u015ar\u00f3dmie\u015bcie in Krakow, XII Economic Division of the National Court Register, under KRS number: 0000478929, NIP: 8680000485, REGON: 000867845.<\/p>\n<p style=\"text-align: left;\"><strong>2 Cookies<\/strong> &#8211; small text files stored on the user&#8217;s device (e.g. computer, smartphone, tablet) when using the Administrator&#8217;s website.<\/p>\n<p style=\"text-align: left;\"><strong>3. device<\/strong> &#8211; any electronic device through which the user accesses the Administrator&#8217;s website.<\/p>\n<p style=\"text-align: left;\"><strong>4. User<\/strong> &#8211; any person visiting the Administrator&#8217;s website.<\/p>\n<p style=\"text-align: left;\"><strong>II. USE OF COOKIES <\/strong><\/p>\n<p style=\"text-align: left;\">The Administrator&#8217;s website uses cookies to ensure proper functioning of the website, optimize its operation and adapt it to the user&#8217;s preferences, conduct statistical analysis and carry out marketing activities, including personalization of advertisements. Cookies allow the website to recognize the user&#8217;s device and display the website in a manner optimized to the user&#8217;s individual settings. Cookies used on the site do not pose a threat to users&#8217; devices &#8211; they do not contain viruses, malware or other dangerous elements.<\/p>\n<p style=\"text-align: left;\">The Administrator uses the following types of cookies:<\/p>\n<p style=\"text-align: left;\">a) <strong>Essential Cookies<\/strong> &#8211; required for the proper operation of the site, enabling basic functions such as site navigation and user authentication.<br \/>\nb) <strong>Functional Cookies<\/strong> &#8211; enable the site to remember user settings (e.g. language preferences) and improve user experience.<br \/>\nc) <strong>Analytical Cookies<\/strong> &#8211; collect anonymous data about user behavior on the site, helping to analyze traffic and improve site performance (e.g. Google Analytics).<br \/>\nd) <strong>Marketing Cookies<\/strong> &#8211; used to personalize advertising content and measure its effectiveness. These cookies may come from the Administrator or external partners such as Facebook Pixel.<\/p>\n<p style=\"text-align: left;\"><strong>III. THIRD PARTY COOKIES <\/strong><\/p>\n<p style=\"text-align: left;\">The Administrator&#8217;s website uses third-party cookies that may collect data about users for analytical and advertising purposes. The most important third-party services that use Cookies include:<\/p>\n<p style=\"text-align: left;\"><strong>1. Google Analytics<\/strong> &#8211; is used to analyze website traffic. For more information about Google&#8217;s privacy policy: <a target=\"_new\" rel=\"noopener\">https:\/\/policies.google.com\/privacy<\/a>.<\/p>\n<p style=\"text-align: left;\"><strong>2. Facebook Pixel<\/strong> &#8211; allows personalization of advertising content on the Facebook platform and measurement of the effectiveness of advertising campaigns. For more information: <a href=\"https:\/\/www.facebook.com\/privacy\/explanation\" target=\"_new\" rel=\"noopener\">https:\/\/www.facebook.com\/privacy\/explanation<\/a>.<\/p>\n<p style=\"text-align: left;\">Third-party cookies may be used to display personalized advertising content to users outside of the Administrator&#8217;s website (e.g., on social media platforms and advertising networks).<\/p>\n<p style=\"text-align: left;\"><strong>IV. HOW TO MANAGE COOKIES? <\/strong><\/p>\n<p style=\"text-align: left;\">(1) The user has the ability to restrict, block or delete cookies via browser settings.<\/p>\n<p style=\"text-align: left;\">(2) Changing your cookie settings may affect the operation of some website features.<\/p>\n<p style=\"text-align: left;\">(3) Depending on the web browser you use, you can change your cookie settings according to the instructions below:<\/p>\n<p style=\"text-align: left;\">Google Chrome: <a href=\"https:\/\/support.google.com\/chrome\/answer\/95647?hl=pl\" target=\"_new\" rel=\"noopener\">https:\/\/support.google.com\/chrome\/answer\/95647?hl=pl<\/a><\/p>\n<p style=\"text-align: left;\">Mozilla Firefox: <a href=\"https:\/\/support.mozilla.org\/pl\/kb\/ciasteczka\" target=\"_new\" rel=\"noopener\">https:\/\/support.mozilla.org\/pl\/kb\/ciasteczka<\/a><\/p>\n<p style=\"text-align: left;\">Safari: <a href=\"https:\/\/support.apple.com\/pl-pl\/HT201265\" target=\"_new\" rel=\"noopener\">https:\/\/support.apple.com\/pl-pl\/HT201265<\/a><\/p>\n<p style=\"text-align: left;\">Microsoft Edge: <a href=\"https:\/\/support.microsoft.com\/pl-pl\/help\/4027947\/microsoft-edge-delete-cookies\" target=\"_new\" rel=\"noopener\">https:\/\/support.microsoft.com\/pl-pl\/help\/4027947\/microsoft-edge-delete-cookies<\/a><\/p>\n<p style=\"text-align: left;\">(4) You may also use tools to manage your consent to Cookies, such as the Cookies consent mechanisms available on the Administrator&#8217;s website.<\/p>\n<p style=\"text-align: left;\"><strong>V. CHANGES TO THE COOKIE POLICY<\/strong><\/p>\n<p style=\"text-align: left;\">(1) The Administrator reserves the right to change this cookie policy due to technological developments, legal changes or changes in the operation of the website.<\/p>\n<p style=\"text-align: left;\">(2) Any changes to the Cookies policy will be published on this site with the date of their introduction.<\/p>\n<p style=\"text-align: left;\">3 Date of last update: <strong>04.02.2025<\/strong>.<\/p>\n","protected":false},"excerpt":{"rendered":"<p>I. DEFINITIONS 1. Administrator &#8211; Kopalnia Soli Bochnia sp. z o.o. with its registered office at: 15 Campi Street, 32-700 Bochnia, entered in the Register of Entrepreneurs of the National Court Register kept by the District Court for Krakow-\u015ar\u00f3dmie\u015bcie in Krakow, XII Economic Division of the National Court Register, under KRS number: 0000478929, NIP: 8680000485,<\/p>\n","protected":false},"author":3,"featured_media":0,"parent":0,"menu_order":0,"comment_status":"closed","ping_status":"closed","template":"","meta":{"_acf_changed":false,"footnotes":""},"class_list":["post-2516","page","type-page","status-publish","hentry"],"acf":[],"_links":{"self":[{"href":"https:\/\/kopalnia-bochnia.pl\/en\/wp-json\/wp\/v2\/pages\/2516","targetHints":{"allow":["GET"]}}],"collection":[{"href":"https:\/\/kopalnia-bochnia.pl\/en\/wp-json\/wp\/v2\/pages"}],"about":[{"href":"https:\/\/kopalnia-bochnia.pl\/en\/wp-json\/wp\/v2\/types\/page"}],"author":[{"embeddable":true,"href":"https:\/\/kopalnia-bochnia.pl\/en\/wp-json\/wp\/v2\/users\/3"}],"replies":[{"embeddable":true,"href":"https:\/\/kopalnia-bochnia.pl\/en\/wp-json\/wp\/v2\/comments?post=2516"}],"version-history":[{"count":1,"href":"https:\/\/kopalnia-bochnia.pl\/en\/wp-json\/wp\/v2\/pages\/2516\/revisions"}],"predecessor-version":[{"id":2923,"href":"https:\/\/kopalnia-bochnia.pl\/en\/wp-json\/wp\/v2\/pages\/2516\/revisions\/2923"}],"wp:attachment":[{"href":"https:\/\/kopalnia-bochnia.pl\/en\/wp-json\/wp\/v2\/media?parent=2516"}],"curies":[{"name":"wp","href":"https:\/\/api.w.org\/{rel}","templated":true}]}}